{"id":3170,"date":"2022-01-10T16:48:24","date_gmt":"2022-01-10T15:48:24","guid":{"rendered":"https:\/\/consorziopietrapiasentina.it\/la-storia\/"},"modified":"2026-03-16T10:29:07","modified_gmt":"2026-03-16T09:29:07","slug":"die-geschichte","status":"publish","type":"page","link":"https:\/\/consorziopietrapiasentina.it\/de\/die-geschichte\/","title":{"rendered":"Die Geschichte"},"content":{"rendered":"<div class=\"wpb-content-wrapper\"><p>[vc_row content_placement=&#8220;middle&#8220;][vc_column icons_position=&#8220;left&#8220;][vc_empty_space height=&#8220;3rem&#8220; alter_height=&#8220;none&#8220; hide_on_desktop=&#8220;&#8220; hide_on_notebook=&#8220;&#8220; hide_on_tablet=&#8220;&#8220; hide_on_mobile=&#8220;&#8220;][vc_empty_space height=&#8220;4.2rem&#8220; alter_height=&#8220;none&#8220; hide_on_desktop=&#8220;&#8220; hide_on_notebook=&#8220;&#8220; hide_on_tablet=&#8220;&#8220; hide_on_mobile=&#8220;&#8220;][\/vc_column][vc_column width=&#8220;1\/2&#8243; icons_position=&#8220;left&#8220;][vc_empty_space height=&#8220;4rem&#8220; alter_height=&#8220;none&#8220; hide_on_desktop=&#8220;&#8220; hide_on_notebook=&#8220;&#8220; hide_on_tablet=&#8220;&#8220; hide_on_mobile=&#8220;&#8220;][vc_gallery interval=&#8220;3&#8243; images=&#8220;3012,3013,3014,3015,3016,3017,3018&#8243; img_size=&#8220;full&#8220; onclick=&#8220;&#8220;][vc_empty_space height=&#8220;1rem&#8220; alter_height=&#8220;none&#8220; hide_on_desktop=&#8220;&#8220; hide_on_notebook=&#8220;&#8220; hide_on_tablet=&#8220;&#8220; hide_on_mobile=&#8220;&#8220;][\/vc_column][vc_column width=&#8220;1\/2&#8243; icons_position=&#8220;left&#8220;]<div\t\tclass=\"sc_title sc_title_2\"><span class=\"sc_item_subtitle sc_title_subtitle sc_align_left sc_item_subtitle_above sc_item_title_style_2\">Pietra Piasentina Torreano<\/span><h2 class=\"sc_item_title sc_title_title sc_align_left sc_item_title_style_2\"\n\t\t\t><span class=\"sc_item_title_text\">'Ein edles Material..mit einer gro\u00dfen Geschichte'<\/span><\/h2><\/div>[vc_empty_space height=&#8220;2rem&#8220; alter_height=&#8220;none&#8220; hide_on_desktop=&#8220;&#8220; hide_on_notebook=&#8220;&#8220; hide_on_tablet=&#8220;&#8220; hide_on_mobile=&#8220;&#8220;][vc_column_text]<\/p>\n<div id=\"pgc-1033-1-0\" class=\"panel-grid-cell\">\n<div id=\"panel-1033-1-0-0\" class=\"so-panel widget widget_text panel-first-child panel-last-child\" data-index=\"2\">\n<div class=\"textwidget\">\n<p align=\"justify\">Der Name \u201ePietra Piasentina\u201c stammt aus einer lustigen Legende aus dem Friaul. Laut der, die wichtigsten Kunden aus Udine diesen Stein \u201euna Pietra che la piase\u201c nannten, was im friaulischen Dialekt so viel wie \u201cein Material, dass gef\u00e4llt\u201d bedeutet \u2013 ein Material, dass aufgrund seiner physikalischen und \u00e4sthetischen Eigenschaften besonders gesch\u00e4tzt wird.<\/p>\n<p align=\"justify\">Die ersten Spuren der Nutzung dieses wunderbaren Steins stammen aus der R\u00f6merzeit. Auch in den darauffolgenden Jahrhunderten wurde er f\u00fcr Skulpturen, Geb\u00e4ude und die wichtigsten monumentalen Bauwerke \u2013 unter anderem auch von Palladio (ber\u00fchmter italienischer Architekt) \u2013 verwendet.<\/p>\n<p align=\"justify\">Heutzutage ist der Pietra Piasentina als friaulischer Stein bekannt. Aufgrund seiner au\u00dfergew\u00f6hnlichen Farbt\u00f6ne und seiner Anpassungsf\u00e4higkeit im Innen- so wie im Au\u00dfenbereich, handelt es sich um eines der beliebtesten Produkte auf dem Gebiet der Architektur.<\/p>\n<\/div>\n<\/div>\n<\/div>\n<p>[\/vc_column_text][vc_empty_space height=&#8220;2rem&#8220; alter_height=&#8220;none&#8220; hide_on_desktop=&#8220;&#8220; hide_on_notebook=&#8220;&#8220; hide_on_tablet=&#8220;&#8220; hide_on_mobile=&#8220;&#8220;]<div\tclass=\"sc_item_button sc_button_wrap\"><a href=\"https:\/\/consorziopietrapiasentina.it\/wp-content\/uploads\/2026\/03\/CPP_catalogo-2025.pdf\" class=\"sc_button sc_button_default sc_button_size_large sc_button_icon_left\" target=\"_blank\"><span class=\"sc_button_text\"><span class=\"sc_button_title\">Brosch\u00fcre herunterladen<\/span><\/span><\/a><\/div>[\/vc_column][vc_column icons_position=&#8220;left&#8220;][vc_empty_space height=&#8220;4rem&#8220; alter_height=&#8220;none&#8220; hide_on_desktop=&#8220;&#8220; hide_on_notebook=&#8220;&#8220; hide_on_tablet=&#8220;&#8220; hide_on_mobile=&#8220;&#8220;][vc_empty_space height=&#8220;4.6rem&#8220; alter_height=&#8220;none&#8220; hide_on_desktop=&#8220;&#8220; hide_on_notebook=&#8220;&#8220; hide_on_tablet=&#8220;&#8220; hide_on_mobile=&#8220;&#8220;][\/vc_column][\/vc_row][vc_row full_width=&#8220;stretch_row&#8220; extra_bg_mask=&#8220;2&#8243; hide_bg_image_on_tablet=&#8220;&#8220; hide_bg_image_on_mobile=&#8220;&#8220; css=&#8220;.vc_custom_1644315132814{background: #000000 url(https:\/\/consorziopietrapiasentina.it\/wp-content\/uploads\/2022\/01\/home.jpg?id=1916) !important;background-position: center !important;background-repeat: no-repeat !important;background-size: cover !important;}&#8220;][vc_column icons_position=&#8220;left&#8220; offset=&#8220;vc_col-md-offset-1 vc_col-md-10&#8243;][vc_empty_space height=&#8220;3.15rem&#8220; alter_height=&#8220;none&#8220; hide_on_desktop=&#8220;&#8220; hide_on_notebook=&#8220;&#8220; hide_on_tablet=&#8220;&#8220; hide_on_mobile=&#8220;&#8220;][vc_empty_space height=&#8220;4rem&#8220; alter_height=&#8220;none&#8220; hide_on_desktop=&#8220;&#8220; hide_on_notebook=&#8220;&#8220; hide_on_tablet=&#8220;&#8220; hide_on_mobile=&#8220;&#8220;][vc_empty_space height=&#8220;4rem&#8220; alter_height=&#8220;none&#8220; hide_on_desktop=&#8220;&#8220; hide_on_notebook=&#8220;&#8220; hide_on_tablet=&#8220;&#8220; hide_on_mobile=&#8220;&#8220;]<div\tclass=\"sc_content sc_content_default sc_content_width_90p sc_float_center\"><div class=\"sc_content_container\"><div\t\tclass=\"sc_title color_style_link2 scheme_dark sc_title_3\"><h2 class=\"sc_item_title sc_title_title sc_align_center sc_item_title_style_3\"\n\t\t\t><span class=\"sc_item_title_text\">F\u00fcr alle Informationen<\/span><\/h2><\/div>[vc_empty_space height=&#8220;2.45rem&#8220; alter_height=&#8220;none&#8220; hide_on_desktop=&#8220;&#8220; hide_on_notebook=&#8220;&#8220; hide_on_tablet=&#8220;&#8220; hide_on_mobile=&#8220;&#8220;]<div\tclass=\"sc_item_button sc_button_wrap sc_align_center\"><a href=\"https:\/\/consorziopietrapiasentina.it\/de\/kontakte\/\" class=\"sc_button sc_button_default sc_button_size_normal sc_button_icon_left\"><span class=\"sc_button_text\"><span class=\"sc_button_title\">Gehen Sie zu den Kontakten<\/span><\/span><\/a><\/div><\/div><\/div>[vc_empty_space height=&#8220;2.9rem&#8220; alter_height=&#8220;none&#8220; hide_on_desktop=&#8220;&#8220; hide_on_notebook=&#8220;&#8220; hide_on_tablet=&#8220;&#8220; hide_on_mobile=&#8220;&#8220;][vc_empty_space height=&#8220;4rem&#8220; alter_height=&#8220;none&#8220; hide_on_desktop=&#8220;&#8220; hide_on_notebook=&#8220;&#8220; hide_on_tablet=&#8220;&#8220; hide_on_mobile=&#8220;&#8220;][vc_empty_space height=&#8220;4rem&#8220; alter_height=&#8220;none&#8220; hide_on_desktop=&#8220;&#8220; hide_on_notebook=&#8220;&#8220; hide_on_tablet=&#8220;&#8220; hide_on_mobile=&#8220;&#8220;][\/vc_column][\/vc_row]<\/p>\n<\/div>","protected":false},"excerpt":{"rendered":"<p>[vc_row content_placement=&#8220;middle&#8220;][vc_column icons_position=&#8220;left&#8220;][vc_empty_space height=&#8220;3rem&#8220; alter_height=&#8220;none&#8220; hide_on_desktop=&#8220;&#8220; hide_on_notebook=&#8220;&#8220; hide_on_tablet=&#8220;&#8220; hide_on_mobile=&#8220;&#8220;][vc_empty_space height=&#8220;4.2rem&#8220; alter_height=&#8220;none&#8220; hide_on_desktop=&#8220;&#8220; hide_on_notebook=&#8220;&#8220; hide_on_tablet=&#8220;&#8220; hide_on_mobile=&#8220;&#8220;][\/vc_column][vc_column width=&#8220;1\/2&#8243; icons_position=&#8220;left&#8220;][vc_empty_space height=&#8220;4rem&#8220; alter_height=&#8220;none&#8220; hide_on_desktop=&#8220;&#8220; hide_on_notebook=&#8220;&#8220; hide_on_tablet=&#8220;&#8220; hide_on_mobile=&#8220;&#8220;][vc_gallery interval=&#8220;3&#8243; images=&#8220;3012,3013,3014,3015,3016,3017,3018&#8243; img_size=&#8220;full&#8220; onclick=&#8220;&#8220;][vc_empty_space height=&#8220;1rem&#8220; alter_height=&#8220;none&#8220; hide_on_desktop=&#8220;&#8220;&hellip;<\/p>\n","protected":false},"author":1,"featured_media":0,"parent":0,"menu_order":0,"comment_status":"closed","ping_status":"closed","template":"","meta":{"inline_featured_image":false,"_vp_format_video_url":"","_vp_image_focal_point":[],"footnotes":""},"class_list":["post-3170","page","type-page","status-publish","hentry"],"yoast_head":"<!-- This site is optimized with the Yoast SEO plugin v27.3 - https:\/\/yoast.com\/product\/yoast-seo-wordpress\/ -->\n<title>Die Geschichte - Consorzio Produttori Pietra Piasentina srl<\/title>\n<meta name=\"robots\" content=\"index, follow, max-snippet:-1, max-image-preview:large, max-video-preview:-1\" \/>\n<link rel=\"canonical\" href=\"https:\/\/consorziopietrapiasentina.it\/de\/die-geschichte\/\" \/>\n<meta property=\"og:locale\" content=\"de_DE\" \/>\n<meta property=\"og:type\" content=\"article\" \/>\n<meta property=\"og:title\" content=\"Die Geschichte - Consorzio Produttori Pietra Piasentina srl\" \/>\n<meta property=\"og:description\" content=\"[vc_row content_placement=&#8220;middle&#8220;][vc_column icons_position=&#8220;left&#8220;][vc_empty_space height=&#8220;3rem&#8220; alter_height=&#8220;none&#8220; hide_on_desktop=&#8220;&#8220; hide_on_notebook=&#8220;&#8220; hide_on_tablet=&#8220;&#8220; hide_on_mobile=&#8220;&#8220;][vc_empty_space height=&#8220;4.2rem&#8220; alter_height=&#8220;none&#8220; hide_on_desktop=&#8220;&#8220; hide_on_notebook=&#8220;&#8220; hide_on_tablet=&#8220;&#8220; hide_on_mobile=&#8220;&#8220;][\/vc_column][vc_column width=&#8220;1\/2&#8243; icons_position=&#8220;left&#8220;][vc_empty_space height=&#8220;4rem&#8220; alter_height=&#8220;none&#8220; hide_on_desktop=&#8220;&#8220; hide_on_notebook=&#8220;&#8220; hide_on_tablet=&#8220;&#8220; hide_on_mobile=&#8220;&#8220;][vc_gallery interval=&#8220;3&#8243; images=&#8220;3012,3013,3014,3015,3016,3017,3018&#8243; img_size=&#8220;full&#8220; onclick=&#8220;&#8220;][vc_empty_space height=&#8220;1rem&#8220; alter_height=&#8220;none&#8220; hide_on_desktop=&#8220;&#8220;&hellip;\" \/>\n<meta property=\"og:url\" content=\"https:\/\/consorziopietrapiasentina.it\/de\/die-geschichte\/\" \/>\n<meta property=\"og:site_name\" content=\"Consorzio Produttori Pietra Piasentina srl\" \/>\n<meta property=\"article:modified_time\" content=\"2026-03-16T09:29:07+00:00\" \/>\n<meta name=\"twitter:card\" content=\"summary_large_image\" \/>\n<meta name=\"twitter:label1\" content=\"Gesch\u00e4tzte Lesezeit\" \/>\n\t<meta name=\"twitter:data1\" content=\"3\u00a0Minuten\" \/>\n<script type=\"application\/ld+json\" class=\"yoast-schema-graph\">{\"@context\":\"https:\\\/\\\/schema.org\",\"@graph\":[{\"@type\":\"WebPage\",\"@id\":\"https:\\\/\\\/consorziopietrapiasentina.it\\\/de\\\/die-geschichte\\\/\",\"url\":\"https:\\\/\\\/consorziopietrapiasentina.it\\\/de\\\/die-geschichte\\\/\",\"name\":\"Die Geschichte - Consorzio Produttori Pietra Piasentina srl\",\"isPartOf\":{\"@id\":\"https:\\\/\\\/consorziopietrapiasentina.it\\\/#website\"},\"datePublished\":\"2022-01-10T15:48:24+00:00\",\"dateModified\":\"2026-03-16T09:29:07+00:00\",\"breadcrumb\":{\"@id\":\"https:\\\/\\\/consorziopietrapiasentina.it\\\/de\\\/die-geschichte\\\/#breadcrumb\"},\"inLanguage\":\"de\",\"potentialAction\":[{\"@type\":\"ReadAction\",\"target\":[\"https:\\\/\\\/consorziopietrapiasentina.it\\\/de\\\/die-geschichte\\\/\"]}]},{\"@type\":\"BreadcrumbList\",\"@id\":\"https:\\\/\\\/consorziopietrapiasentina.it\\\/de\\\/die-geschichte\\\/#breadcrumb\",\"itemListElement\":[{\"@type\":\"ListItem\",\"position\":1,\"name\":\"Home\",\"item\":\"https:\\\/\\\/consorziopietrapiasentina.it\\\/de\\\/home\\\/\"},{\"@type\":\"ListItem\",\"position\":2,\"name\":\"Die Geschichte\"}]},{\"@type\":\"WebSite\",\"@id\":\"https:\\\/\\\/consorziopietrapiasentina.it\\\/#website\",\"url\":\"https:\\\/\\\/consorziopietrapiasentina.it\\\/\",\"name\":\"Consorzio Produttori Pietra Piasentina srl\",\"description\":\"Pietra Piasentina Torreano\",\"publisher\":{\"@id\":\"https:\\\/\\\/consorziopietrapiasentina.it\\\/#organization\"},\"potentialAction\":[{\"@type\":\"SearchAction\",\"target\":{\"@type\":\"EntryPoint\",\"urlTemplate\":\"https:\\\/\\\/consorziopietrapiasentina.it\\\/?s={search_term_string}\"},\"query-input\":{\"@type\":\"PropertyValueSpecification\",\"valueRequired\":true,\"valueName\":\"search_term_string\"}}],\"inLanguage\":\"de\"},{\"@type\":\"Organization\",\"@id\":\"https:\\\/\\\/consorziopietrapiasentina.it\\\/#organization\",\"name\":\"Consorzio Produttori Pietra Piasentina S.r.l.\",\"url\":\"https:\\\/\\\/consorziopietrapiasentina.it\\\/\",\"logo\":{\"@type\":\"ImageObject\",\"inLanguage\":\"de\",\"@id\":\"https:\\\/\\\/consorziopietrapiasentina.it\\\/#\\\/schema\\\/logo\\\/image\\\/\",\"url\":\"https:\\\/\\\/consorziopietrapiasentina.it\\\/wp-content\\\/uploads\\\/2022\\\/02\\\/logo1.svg\",\"contentUrl\":\"https:\\\/\\\/consorziopietrapiasentina.it\\\/wp-content\\\/uploads\\\/2022\\\/02\\\/logo1.svg\",\"width\":\"1024\",\"height\":\"1024\",\"caption\":\"Consorzio Produttori Pietra Piasentina S.r.l.\"},\"image\":{\"@id\":\"https:\\\/\\\/consorziopietrapiasentina.it\\\/#\\\/schema\\\/logo\\\/image\\\/\"},\"sameAs\":[\"https:\\\/\\\/www.linkedin.com\\\/in\\\/consorzio-pietra-piasentina-torreano-2994671b1\\\/?original_referer=httpsconsorziopietrapiasentina.it\",\"https:\\\/\\\/www.instagram.com\\\/consorzio_pietra.piasentina\\\/\"]}]}<\/script>\n<!-- \/ Yoast SEO plugin. -->","yoast_head_json":{"title":"Die Geschichte - Consorzio Produttori Pietra Piasentina srl","robots":{"index":"index","follow":"follow","max-snippet":"max-snippet:-1","max-image-preview":"max-image-preview:large","max-video-preview":"max-video-preview:-1"},"canonical":"https:\/\/consorziopietrapiasentina.it\/de\/die-geschichte\/","og_locale":"de_DE","og_type":"article","og_title":"Die Geschichte - Consorzio Produttori Pietra Piasentina srl","og_description":"[vc_row content_placement=&#8220;middle&#8220;][vc_column icons_position=&#8220;left&#8220;][vc_empty_space height=&#8220;3rem&#8220; alter_height=&#8220;none&#8220; hide_on_desktop=&#8220;&#8220; hide_on_notebook=&#8220;&#8220; hide_on_tablet=&#8220;&#8220; hide_on_mobile=&#8220;&#8220;][vc_empty_space height=&#8220;4.2rem&#8220; alter_height=&#8220;none&#8220; hide_on_desktop=&#8220;&#8220; hide_on_notebook=&#8220;&#8220; hide_on_tablet=&#8220;&#8220; hide_on_mobile=&#8220;&#8220;][\/vc_column][vc_column width=&#8220;1\/2&#8243; icons_position=&#8220;left&#8220;][vc_empty_space height=&#8220;4rem&#8220; alter_height=&#8220;none&#8220; hide_on_desktop=&#8220;&#8220; hide_on_notebook=&#8220;&#8220; hide_on_tablet=&#8220;&#8220; hide_on_mobile=&#8220;&#8220;][vc_gallery interval=&#8220;3&#8243; images=&#8220;3012,3013,3014,3015,3016,3017,3018&#8243; img_size=&#8220;full&#8220; onclick=&#8220;&#8220;][vc_empty_space height=&#8220;1rem&#8220; alter_height=&#8220;none&#8220; hide_on_desktop=&#8220;&#8220;&hellip;","og_url":"https:\/\/consorziopietrapiasentina.it\/de\/die-geschichte\/","og_site_name":"Consorzio Produttori Pietra Piasentina srl","article_modified_time":"2026-03-16T09:29:07+00:00","twitter_card":"summary_large_image","twitter_misc":{"Gesch\u00e4tzte Lesezeit":"3\u00a0Minuten"},"schema":{"@context":"https:\/\/schema.org","@graph":[{"@type":"WebPage","@id":"https:\/\/consorziopietrapiasentina.it\/de\/die-geschichte\/","url":"https:\/\/consorziopietrapiasentina.it\/de\/die-geschichte\/","name":"Die Geschichte - Consorzio Produttori Pietra Piasentina srl","isPartOf":{"@id":"https:\/\/consorziopietrapiasentina.it\/#website"},"datePublished":"2022-01-10T15:48:24+00:00","dateModified":"2026-03-16T09:29:07+00:00","breadcrumb":{"@id":"https:\/\/consorziopietrapiasentina.it\/de\/die-geschichte\/#breadcrumb"},"inLanguage":"de","potentialAction":[{"@type":"ReadAction","target":["https:\/\/consorziopietrapiasentina.it\/de\/die-geschichte\/"]}]},{"@type":"BreadcrumbList","@id":"https:\/\/consorziopietrapiasentina.it\/de\/die-geschichte\/#breadcrumb","itemListElement":[{"@type":"ListItem","position":1,"name":"Home","item":"https:\/\/consorziopietrapiasentina.it\/de\/home\/"},{"@type":"ListItem","position":2,"name":"Die Geschichte"}]},{"@type":"WebSite","@id":"https:\/\/consorziopietrapiasentina.it\/#website","url":"https:\/\/consorziopietrapiasentina.it\/","name":"Consorzio Produttori Pietra Piasentina srl","description":"Pietra Piasentina Torreano","publisher":{"@id":"https:\/\/consorziopietrapiasentina.it\/#organization"},"potentialAction":[{"@type":"SearchAction","target":{"@type":"EntryPoint","urlTemplate":"https:\/\/consorziopietrapiasentina.it\/?s={search_term_string}"},"query-input":{"@type":"PropertyValueSpecification","valueRequired":true,"valueName":"search_term_string"}}],"inLanguage":"de"},{"@type":"Organization","@id":"https:\/\/consorziopietrapiasentina.it\/#organization","name":"Consorzio Produttori Pietra Piasentina S.r.l.","url":"https:\/\/consorziopietrapiasentina.it\/","logo":{"@type":"ImageObject","inLanguage":"de","@id":"https:\/\/consorziopietrapiasentina.it\/#\/schema\/logo\/image\/","url":"https:\/\/consorziopietrapiasentina.it\/wp-content\/uploads\/2022\/02\/logo1.svg","contentUrl":"https:\/\/consorziopietrapiasentina.it\/wp-content\/uploads\/2022\/02\/logo1.svg","width":"1024","height":"1024","caption":"Consorzio Produttori Pietra Piasentina S.r.l."},"image":{"@id":"https:\/\/consorziopietrapiasentina.it\/#\/schema\/logo\/image\/"},"sameAs":["https:\/\/www.linkedin.com\/in\/consorzio-pietra-piasentina-torreano-2994671b1\/?original_referer=httpsconsorziopietrapiasentina.it","https:\/\/www.instagram.com\/consorzio_pietra.piasentina\/"]}]}},"_links":{"self":[{"href":"https:\/\/consorziopietrapiasentina.it\/de\/wp-json\/wp\/v2\/pages\/3170","targetHints":{"allow":["GET"]}}],"collection":[{"href":"https:\/\/consorziopietrapiasentina.it\/de\/wp-json\/wp\/v2\/pages"}],"about":[{"href":"https:\/\/consorziopietrapiasentina.it\/de\/wp-json\/wp\/v2\/types\/page"}],"author":[{"embeddable":true,"href":"https:\/\/consorziopietrapiasentina.it\/de\/wp-json\/wp\/v2\/users\/1"}],"replies":[{"embeddable":true,"href":"https:\/\/consorziopietrapiasentina.it\/de\/wp-json\/wp\/v2\/comments?post=3170"}],"version-history":[{"count":5,"href":"https:\/\/consorziopietrapiasentina.it\/de\/wp-json\/wp\/v2\/pages\/3170\/revisions"}],"predecessor-version":[{"id":8922,"href":"https:\/\/consorziopietrapiasentina.it\/de\/wp-json\/wp\/v2\/pages\/3170\/revisions\/8922"}],"wp:attachment":[{"href":"https:\/\/consorziopietrapiasentina.it\/de\/wp-json\/wp\/v2\/media?parent=3170"}],"curies":[{"name":"wp","href":"https:\/\/api.w.org\/{rel}","templated":true}]}}