{"id":3179,"date":"2022-04-11T16:09:30","date_gmt":"2022-04-11T14:09:30","guid":{"rendered":"https:\/\/consorziopietrapiasentina.it\/prodotti\/"},"modified":"2022-09-26T17:01:25","modified_gmt":"2022-09-26T15:01:25","slug":"artikel","status":"publish","type":"page","link":"https:\/\/consorziopietrapiasentina.it\/de\/artikel\/","title":{"rendered":"Artikel"},"content":{"rendered":"<div class=\"wpb-content-wrapper\"><p>[vc_row content_placement=&#8220;middle&#8220;][vc_column width=&#8220;1\/12&#8243;][\/vc_column][vc_column width=&#8220;5\/6&#8243;][vc_empty_space height=&#8220;3rem&#8220; alter_height=&#8220;none&#8220; hide_on_desktop=&#8220;&#8220; hide_on_notebook=&#8220;&#8220; hide_on_tablet=&#8220;&#8220; hide_on_mobile=&#8220;&#8220;][vc_empty_space height=&#8220;4.2rem&#8220; alter_height=&#8220;none&#8220; hide_on_desktop=&#8220;&#8220; hide_on_notebook=&#8220;&#8220; hide_on_tablet=&#8220;&#8220; hide_on_mobile=&#8220;&#8220;]<div\t\tclass=\"sc_title sc_title_2\"><span class=\"sc_item_subtitle sc_title_subtitle sc_align_center sc_item_subtitle_above sc_item_title_style_2\">Pietra Piasentina<\/span><h2 class=\"sc_item_title sc_title_title sc_align_center sc_item_title_style_2\"\n\t\t\t><span class=\"sc_item_title_text\">Au\u00dfenbereichartikel<\/span><\/h2><div class=\"sc_item_descr sc_title_descr sc_align_center\"><p>Stadtversch\u00f6nerung, Fensterb\u00e4nke und Schwellen, Individuelle W\u00fcnsche auf Anfrage, Wandverkleidungen, Fu\u00dfb\u00f6den, Kiesel, Palladianische Elemente, Fu\u00dfleisten und Sockel<\/p>\n<\/div><\/div>[vc_empty_space height=&#8220;2.6rem&#8220; alter_height=&#8220;none&#8220; hide_on_desktop=&#8220;&#8220; hide_on_notebook=&#8220;&#8220; hide_on_tablet=&#8220;&#8220; hide_on_mobile=&#8220;&#8220;][vc_empty_space height=&#8220;3rem&#8220; alter_height=&#8220;none&#8220; hide_on_desktop=&#8220;&#8220; hide_on_notebook=&#8220;&#8220; hide_on_tablet=&#8220;&#8220; hide_on_mobile=&#8220;&#8220;][\/vc_column][vc_column width=&#8220;1\/12&#8243;][\/vc_column][\/vc_row][vc_row][vc_column][vc_media_grid element_width=&#8220;2&#8243; grid_id=&#8220;vc_gid:1664204281818-fa87d3ac-c8af-4&#8243; include=&#8220;2332,2348,2344,2341,2345,2338,2333,2340,2339,2349,2337,2343,2346,2342,2347,2334,2335,2336&#8243;][vc_empty_space height=&#8220;4rem&#8220; alter_height=&#8220;none&#8220; hide_on_desktop=&#8220;&#8220; hide_on_notebook=&#8220;&#8220; hide_on_tablet=&#8220;&#8220; hide_on_mobile=&#8220;&#8220;][vc_empty_space height=&#8220;4rem&#8220; alter_height=&#8220;none&#8220; hide_on_desktop=&#8220;&#8220; hide_on_notebook=&#8220;&#8220; hide_on_tablet=&#8220;&#8220; hide_on_mobile=&#8220;&#8220;][\/vc_column][\/vc_row][vc_row full_width=&#8220;stretch_row&#8220; content_placement=&#8220;middle&#8220; css=&#8220;.vc_custom_1649686657900{background-color: #f9f9f9 !important;}&#8220;][vc_column width=&#8220;1\/12&#8243;][\/vc_column][vc_column width=&#8220;5\/6&#8243;][vc_empty_space height=&#8220;3rem&#8220; alter_height=&#8220;none&#8220; hide_on_desktop=&#8220;&#8220; hide_on_notebook=&#8220;&#8220; hide_on_tablet=&#8220;&#8220; hide_on_mobile=&#8220;&#8220;][vc_empty_space height=&#8220;4rem&#8220; alter_height=&#8220;none&#8220; hide_on_desktop=&#8220;&#8220; hide_on_notebook=&#8220;&#8220; hide_on_tablet=&#8220;&#8220; hide_on_mobile=&#8220;&#8220;]<div\t\tclass=\"sc_title sc_title_2\"><span class=\"sc_item_subtitle sc_title_subtitle sc_align_center sc_item_subtitle_above sc_item_title_style_2\">Pietra Piasentina<\/span><h2 class=\"sc_item_title sc_title_title sc_align_center sc_item_title_style_2\"\n\t\t\t><span class=\"sc_item_title_text\">Innenbereichartikel<\/span><\/h2><div class=\"sc_item_descr sc_title_descr sc_align_center\"><p>Fu\u00dfb\u00f6den, Fu\u00dfleisten und Sockel, K\u00fcchenfl\u00e4chen, Wandverkleidungen<\/p>\n<\/div><\/div>[vc_empty_space height=&#8220;2.6rem&#8220; alter_height=&#8220;none&#8220; hide_on_desktop=&#8220;&#8220; hide_on_notebook=&#8220;&#8220; hide_on_tablet=&#8220;&#8220; hide_on_mobile=&#8220;&#8220;][vc_empty_space height=&#8220;3rem&#8220; alter_height=&#8220;none&#8220; hide_on_desktop=&#8220;&#8220; hide_on_notebook=&#8220;&#8220; hide_on_tablet=&#8220;&#8220; hide_on_mobile=&#8220;&#8220;][\/vc_column][vc_column width=&#8220;1\/12&#8243;][\/vc_column][\/vc_row][vc_row full_width=&#8220;stretch_row&#8220; css=&#8220;.vc_custom_1649686652362{background-color: #f9f9f9 !important;}&#8220;][vc_column][vc_media_grid element_width=&#8220;2&#8243; grid_id=&#8220;vc_gid:1664204281837-07d9e698-7693-5&#8243; include=&#8220;2361,2357,2358,2355,2362,2352,2365,2367,2368,2369,2356,2354,2351,2353,2359,2363,2364,2366&#8243;][vc_empty_space height=&#8220;4rem&#8220; alter_height=&#8220;none&#8220; hide_on_desktop=&#8220;&#8220; hide_on_notebook=&#8220;&#8220; hide_on_tablet=&#8220;&#8220; hide_on_mobile=&#8220;&#8220;][vc_empty_space height=&#8220;4rem&#8220; alter_height=&#8220;none&#8220; hide_on_desktop=&#8220;&#8220; hide_on_notebook=&#8220;&#8220; hide_on_tablet=&#8220;&#8220; hide_on_mobile=&#8220;&#8220;][vc_empty_space height=&#8220;4.6rem&#8220; alter_height=&#8220;none&#8220; hide_on_desktop=&#8220;&#8220; hide_on_notebook=&#8220;&#8220; hide_on_tablet=&#8220;&#8220; hide_on_mobile=&#8220;&#8220;][\/vc_column][\/vc_row][vc_row full_width=&#8220;stretch_row&#8220; extra_bg_mask=&#8220;2&#8243; hide_bg_image_on_tablet=&#8220;&#8220; hide_bg_image_on_mobile=&#8220;&#8220; css=&#8220;.vc_custom_1649686772982{background: #000000 url(https:\/\/consorziopietrapiasentina.it\/wp-content\/uploads\/2022\/02\/home4.jpg?id=2186) !important;background-position: center !important;background-repeat: no-repeat !important;background-size: cover !important;}&#8220;][vc_column icons_position=&#8220;left&#8220; offset=&#8220;vc_col-md-offset-1 vc_col-md-10&#8243;][vc_empty_space height=&#8220;3.15rem&#8220; alter_height=&#8220;none&#8220; hide_on_desktop=&#8220;&#8220; hide_on_notebook=&#8220;&#8220; hide_on_tablet=&#8220;&#8220; hide_on_mobile=&#8220;&#8220;][vc_empty_space height=&#8220;4rem&#8220; alter_height=&#8220;none&#8220; hide_on_desktop=&#8220;&#8220; hide_on_notebook=&#8220;&#8220; hide_on_tablet=&#8220;&#8220; hide_on_mobile=&#8220;&#8220;][vc_empty_space height=&#8220;4rem&#8220; alter_height=&#8220;none&#8220; hide_on_desktop=&#8220;&#8220; hide_on_notebook=&#8220;&#8220; hide_on_tablet=&#8220;&#8220; hide_on_mobile=&#8220;&#8220;]<div\tclass=\"sc_content sc_content_default sc_content_width_90p sc_float_center\"><div class=\"sc_content_container\"><div\t\tclass=\"sc_title color_style_link2 scheme_dark sc_title_3\"><h2 class=\"sc_item_title sc_title_title sc_align_center sc_item_title_style_3\"\n\t\t\t><span class=\"sc_item_title_text\">F\u00fcr alle Informationen<\/span><\/h2><\/div>[vc_empty_space height=&#8220;2.45rem&#8220; alter_height=&#8220;none&#8220; hide_on_desktop=&#8220;&#8220; hide_on_notebook=&#8220;&#8220; hide_on_tablet=&#8220;&#8220; hide_on_mobile=&#8220;&#8220;]<div\tclass=\"sc_item_button sc_button_wrap sc_align_center\"><a href=\"https:\/\/consorziopietrapiasentina.it\/de\/kontakte\/\" class=\"sc_button sc_button_default sc_button_size_normal sc_button_icon_left\"><span class=\"sc_button_text\"><span class=\"sc_button_title\">Gehen Sie zu den Kontakten<\/span><\/span><\/a><\/div><\/div><\/div>[vc_empty_space height=&#8220;2.9rem&#8220; alter_height=&#8220;none&#8220; hide_on_desktop=&#8220;&#8220; hide_on_notebook=&#8220;&#8220; hide_on_tablet=&#8220;&#8220; hide_on_mobile=&#8220;&#8220;][vc_empty_space height=&#8220;4rem&#8220; alter_height=&#8220;none&#8220; hide_on_desktop=&#8220;&#8220; hide_on_notebook=&#8220;&#8220; hide_on_tablet=&#8220;&#8220; hide_on_mobile=&#8220;&#8220;][vc_empty_space height=&#8220;4rem&#8220; alter_height=&#8220;none&#8220; hide_on_desktop=&#8220;&#8220; hide_on_notebook=&#8220;&#8220; hide_on_tablet=&#8220;&#8220; hide_on_mobile=&#8220;&#8220;][\/vc_column][\/vc_row]<\/p>\n<\/div>","protected":false},"excerpt":{"rendered":"<p>[vc_row content_placement=&#8220;middle&#8220;][vc_column width=&#8220;1\/12&#8243;][\/vc_column][vc_column width=&#8220;5\/6&#8243;][vc_empty_space height=&#8220;3rem&#8220; alter_height=&#8220;none&#8220; hide_on_desktop=&#8220;&#8220; hide_on_notebook=&#8220;&#8220; hide_on_tablet=&#8220;&#8220; hide_on_mobile=&#8220;&#8220;][vc_empty_space height=&#8220;4.2rem&#8220; alter_height=&#8220;none&#8220; hide_on_desktop=&#8220;&#8220; hide_on_notebook=&#8220;&#8220; hide_on_tablet=&#8220;&#8220; hide_on_mobile=&#8220;&#8220;][vc_empty_space height=&#8220;2.6rem&#8220; alter_height=&#8220;none&#8220; hide_on_desktop=&#8220;&#8220; hide_on_notebook=&#8220;&#8220; hide_on_tablet=&#8220;&#8220; hide_on_mobile=&#8220;&#8220;][vc_empty_space height=&#8220;3rem&#8220; alter_height=&#8220;none&#8220; hide_on_desktop=&#8220;&#8220; hide_on_notebook=&#8220;&#8220; hide_on_tablet=&#8220;&#8220; hide_on_mobile=&#8220;&#8220;][\/vc_column][vc_column width=&#8220;1\/12&#8243;][\/vc_column][\/vc_row][vc_row][vc_column][vc_media_grid element_width=&#8220;2&#8243;&hellip;<\/p>\n","protected":false},"author":1,"featured_media":0,"parent":0,"menu_order":0,"comment_status":"closed","ping_status":"closed","template":"","meta":{"inline_featured_image":false,"_vp_format_video_url":"","_vp_image_focal_point":[],"footnotes":""},"class_list":["post-3179","page","type-page","status-publish","hentry"],"yoast_head":"<!-- This site is optimized with the Yoast SEO plugin v27.3 - https:\/\/yoast.com\/product\/yoast-seo-wordpress\/ -->\n<title>Artikel - Consorzio Produttori Pietra Piasentina srl<\/title>\n<meta name=\"robots\" content=\"index, follow, max-snippet:-1, max-image-preview:large, max-video-preview:-1\" \/>\n<link rel=\"canonical\" href=\"https:\/\/consorziopietrapiasentina.it\/de\/artikel\/\" \/>\n<meta property=\"og:locale\" content=\"de_DE\" \/>\n<meta property=\"og:type\" content=\"article\" \/>\n<meta property=\"og:title\" content=\"Artikel - Consorzio Produttori Pietra Piasentina srl\" \/>\n<meta property=\"og:description\" content=\"[vc_row content_placement=&#8220;middle&#8220;][vc_column width=&#8220;1\/12&#8243;][\/vc_column][vc_column width=&#8220;5\/6&#8243;][vc_empty_space height=&#8220;3rem&#8220; alter_height=&#8220;none&#8220; hide_on_desktop=&#8220;&#8220; hide_on_notebook=&#8220;&#8220; hide_on_tablet=&#8220;&#8220; hide_on_mobile=&#8220;&#8220;][vc_empty_space height=&#8220;4.2rem&#8220; alter_height=&#8220;none&#8220; hide_on_desktop=&#8220;&#8220; hide_on_notebook=&#8220;&#8220; hide_on_tablet=&#8220;&#8220; hide_on_mobile=&#8220;&#8220;][vc_empty_space height=&#8220;2.6rem&#8220; alter_height=&#8220;none&#8220; hide_on_desktop=&#8220;&#8220; hide_on_notebook=&#8220;&#8220; hide_on_tablet=&#8220;&#8220; hide_on_mobile=&#8220;&#8220;][vc_empty_space height=&#8220;3rem&#8220; alter_height=&#8220;none&#8220; hide_on_desktop=&#8220;&#8220; hide_on_notebook=&#8220;&#8220; hide_on_tablet=&#8220;&#8220; hide_on_mobile=&#8220;&#8220;][\/vc_column][vc_column width=&#8220;1\/12&#8243;][\/vc_column][\/vc_row][vc_row][vc_column][vc_media_grid element_width=&#8220;2&#8243;&hellip;\" \/>\n<meta property=\"og:url\" content=\"https:\/\/consorziopietrapiasentina.it\/de\/artikel\/\" \/>\n<meta property=\"og:site_name\" content=\"Consorzio Produttori Pietra Piasentina srl\" \/>\n<meta property=\"article:modified_time\" content=\"2022-09-26T15:01:25+00:00\" \/>\n<meta name=\"twitter:card\" content=\"summary_large_image\" \/>\n<meta name=\"twitter:label1\" content=\"Gesch\u00e4tzte Lesezeit\" \/>\n\t<meta name=\"twitter:data1\" content=\"2\u00a0Minuten\" \/>\n<script type=\"application\/ld+json\" class=\"yoast-schema-graph\">{\"@context\":\"https:\\\/\\\/schema.org\",\"@graph\":[{\"@type\":\"WebPage\",\"@id\":\"https:\\\/\\\/consorziopietrapiasentina.it\\\/de\\\/artikel\\\/\",\"url\":\"https:\\\/\\\/consorziopietrapiasentina.it\\\/de\\\/artikel\\\/\",\"name\":\"Artikel - Consorzio Produttori Pietra Piasentina srl\",\"isPartOf\":{\"@id\":\"https:\\\/\\\/consorziopietrapiasentina.it\\\/#website\"},\"datePublished\":\"2022-04-11T14:09:30+00:00\",\"dateModified\":\"2022-09-26T15:01:25+00:00\",\"breadcrumb\":{\"@id\":\"https:\\\/\\\/consorziopietrapiasentina.it\\\/de\\\/artikel\\\/#breadcrumb\"},\"inLanguage\":\"de\",\"potentialAction\":[{\"@type\":\"ReadAction\",\"target\":[\"https:\\\/\\\/consorziopietrapiasentina.it\\\/de\\\/artikel\\\/\"]}]},{\"@type\":\"BreadcrumbList\",\"@id\":\"https:\\\/\\\/consorziopietrapiasentina.it\\\/de\\\/artikel\\\/#breadcrumb\",\"itemListElement\":[{\"@type\":\"ListItem\",\"position\":1,\"name\":\"Home\",\"item\":\"https:\\\/\\\/consorziopietrapiasentina.it\\\/de\\\/home\\\/\"},{\"@type\":\"ListItem\",\"position\":2,\"name\":\"Artikel\"}]},{\"@type\":\"WebSite\",\"@id\":\"https:\\\/\\\/consorziopietrapiasentina.it\\\/#website\",\"url\":\"https:\\\/\\\/consorziopietrapiasentina.it\\\/\",\"name\":\"Consorzio Produttori Pietra Piasentina srl\",\"description\":\"Pietra Piasentina Torreano\",\"publisher\":{\"@id\":\"https:\\\/\\\/consorziopietrapiasentina.it\\\/#organization\"},\"potentialAction\":[{\"@type\":\"SearchAction\",\"target\":{\"@type\":\"EntryPoint\",\"urlTemplate\":\"https:\\\/\\\/consorziopietrapiasentina.it\\\/?s={search_term_string}\"},\"query-input\":{\"@type\":\"PropertyValueSpecification\",\"valueRequired\":true,\"valueName\":\"search_term_string\"}}],\"inLanguage\":\"de\"},{\"@type\":\"Organization\",\"@id\":\"https:\\\/\\\/consorziopietrapiasentina.it\\\/#organization\",\"name\":\"Consorzio Produttori Pietra Piasentina S.r.l.\",\"url\":\"https:\\\/\\\/consorziopietrapiasentina.it\\\/\",\"logo\":{\"@type\":\"ImageObject\",\"inLanguage\":\"de\",\"@id\":\"https:\\\/\\\/consorziopietrapiasentina.it\\\/#\\\/schema\\\/logo\\\/image\\\/\",\"url\":\"https:\\\/\\\/consorziopietrapiasentina.it\\\/wp-content\\\/uploads\\\/2022\\\/02\\\/logo1.svg\",\"contentUrl\":\"https:\\\/\\\/consorziopietrapiasentina.it\\\/wp-content\\\/uploads\\\/2022\\\/02\\\/logo1.svg\",\"width\":\"1024\",\"height\":\"1024\",\"caption\":\"Consorzio Produttori Pietra Piasentina S.r.l.\"},\"image\":{\"@id\":\"https:\\\/\\\/consorziopietrapiasentina.it\\\/#\\\/schema\\\/logo\\\/image\\\/\"},\"sameAs\":[\"https:\\\/\\\/www.linkedin.com\\\/in\\\/consorzio-pietra-piasentina-torreano-2994671b1\\\/?original_referer=httpsconsorziopietrapiasentina.it\",\"https:\\\/\\\/www.instagram.com\\\/consorzio_pietra.piasentina\\\/\"]}]}<\/script>\n<!-- \/ Yoast SEO plugin. -->","yoast_head_json":{"title":"Artikel - Consorzio Produttori Pietra Piasentina srl","robots":{"index":"index","follow":"follow","max-snippet":"max-snippet:-1","max-image-preview":"max-image-preview:large","max-video-preview":"max-video-preview:-1"},"canonical":"https:\/\/consorziopietrapiasentina.it\/de\/artikel\/","og_locale":"de_DE","og_type":"article","og_title":"Artikel - Consorzio Produttori Pietra Piasentina srl","og_description":"[vc_row content_placement=&#8220;middle&#8220;][vc_column width=&#8220;1\/12&#8243;][\/vc_column][vc_column width=&#8220;5\/6&#8243;][vc_empty_space height=&#8220;3rem&#8220; alter_height=&#8220;none&#8220; hide_on_desktop=&#8220;&#8220; hide_on_notebook=&#8220;&#8220; hide_on_tablet=&#8220;&#8220; hide_on_mobile=&#8220;&#8220;][vc_empty_space height=&#8220;4.2rem&#8220; alter_height=&#8220;none&#8220; hide_on_desktop=&#8220;&#8220; hide_on_notebook=&#8220;&#8220; hide_on_tablet=&#8220;&#8220; hide_on_mobile=&#8220;&#8220;][vc_empty_space height=&#8220;2.6rem&#8220; alter_height=&#8220;none&#8220; hide_on_desktop=&#8220;&#8220; hide_on_notebook=&#8220;&#8220; hide_on_tablet=&#8220;&#8220; hide_on_mobile=&#8220;&#8220;][vc_empty_space height=&#8220;3rem&#8220; alter_height=&#8220;none&#8220; hide_on_desktop=&#8220;&#8220; hide_on_notebook=&#8220;&#8220; hide_on_tablet=&#8220;&#8220; hide_on_mobile=&#8220;&#8220;][\/vc_column][vc_column width=&#8220;1\/12&#8243;][\/vc_column][\/vc_row][vc_row][vc_column][vc_media_grid element_width=&#8220;2&#8243;&hellip;","og_url":"https:\/\/consorziopietrapiasentina.it\/de\/artikel\/","og_site_name":"Consorzio Produttori Pietra Piasentina srl","article_modified_time":"2022-09-26T15:01:25+00:00","twitter_card":"summary_large_image","twitter_misc":{"Gesch\u00e4tzte Lesezeit":"2\u00a0Minuten"},"schema":{"@context":"https:\/\/schema.org","@graph":[{"@type":"WebPage","@id":"https:\/\/consorziopietrapiasentina.it\/de\/artikel\/","url":"https:\/\/consorziopietrapiasentina.it\/de\/artikel\/","name":"Artikel - Consorzio Produttori Pietra Piasentina srl","isPartOf":{"@id":"https:\/\/consorziopietrapiasentina.it\/#website"},"datePublished":"2022-04-11T14:09:30+00:00","dateModified":"2022-09-26T15:01:25+00:00","breadcrumb":{"@id":"https:\/\/consorziopietrapiasentina.it\/de\/artikel\/#breadcrumb"},"inLanguage":"de","potentialAction":[{"@type":"ReadAction","target":["https:\/\/consorziopietrapiasentina.it\/de\/artikel\/"]}]},{"@type":"BreadcrumbList","@id":"https:\/\/consorziopietrapiasentina.it\/de\/artikel\/#breadcrumb","itemListElement":[{"@type":"ListItem","position":1,"name":"Home","item":"https:\/\/consorziopietrapiasentina.it\/de\/home\/"},{"@type":"ListItem","position":2,"name":"Artikel"}]},{"@type":"WebSite","@id":"https:\/\/consorziopietrapiasentina.it\/#website","url":"https:\/\/consorziopietrapiasentina.it\/","name":"Consorzio Produttori Pietra Piasentina srl","description":"Pietra Piasentina Torreano","publisher":{"@id":"https:\/\/consorziopietrapiasentina.it\/#organization"},"potentialAction":[{"@type":"SearchAction","target":{"@type":"EntryPoint","urlTemplate":"https:\/\/consorziopietrapiasentina.it\/?s={search_term_string}"},"query-input":{"@type":"PropertyValueSpecification","valueRequired":true,"valueName":"search_term_string"}}],"inLanguage":"de"},{"@type":"Organization","@id":"https:\/\/consorziopietrapiasentina.it\/#organization","name":"Consorzio Produttori Pietra Piasentina S.r.l.","url":"https:\/\/consorziopietrapiasentina.it\/","logo":{"@type":"ImageObject","inLanguage":"de","@id":"https:\/\/consorziopietrapiasentina.it\/#\/schema\/logo\/image\/","url":"https:\/\/consorziopietrapiasentina.it\/wp-content\/uploads\/2022\/02\/logo1.svg","contentUrl":"https:\/\/consorziopietrapiasentina.it\/wp-content\/uploads\/2022\/02\/logo1.svg","width":"1024","height":"1024","caption":"Consorzio Produttori Pietra Piasentina S.r.l."},"image":{"@id":"https:\/\/consorziopietrapiasentina.it\/#\/schema\/logo\/image\/"},"sameAs":["https:\/\/www.linkedin.com\/in\/consorzio-pietra-piasentina-torreano-2994671b1\/?original_referer=httpsconsorziopietrapiasentina.it","https:\/\/www.instagram.com\/consorzio_pietra.piasentina\/"]}]}},"_links":{"self":[{"href":"https:\/\/consorziopietrapiasentina.it\/de\/wp-json\/wp\/v2\/pages\/3179","targetHints":{"allow":["GET"]}}],"collection":[{"href":"https:\/\/consorziopietrapiasentina.it\/de\/wp-json\/wp\/v2\/pages"}],"about":[{"href":"https:\/\/consorziopietrapiasentina.it\/de\/wp-json\/wp\/v2\/types\/page"}],"author":[{"embeddable":true,"href":"https:\/\/consorziopietrapiasentina.it\/de\/wp-json\/wp\/v2\/users\/1"}],"replies":[{"embeddable":true,"href":"https:\/\/consorziopietrapiasentina.it\/de\/wp-json\/wp\/v2\/comments?post=3179"}],"version-history":[{"count":2,"href":"https:\/\/consorziopietrapiasentina.it\/de\/wp-json\/wp\/v2\/pages\/3179\/revisions"}],"predecessor-version":[{"id":3181,"href":"https:\/\/consorziopietrapiasentina.it\/de\/wp-json\/wp\/v2\/pages\/3179\/revisions\/3181"}],"wp:attachment":[{"href":"https:\/\/consorziopietrapiasentina.it\/de\/wp-json\/wp\/v2\/media?parent=3179"}],"curies":[{"name":"wp","href":"https:\/\/api.w.org\/{rel}","templated":true}]}}