{"id":3619,"date":"2017-08-21T11:00:02","date_gmt":"2017-08-21T09:00:02","guid":{"rendered":"https:\/\/consorziopietrapiasentina.it\/le-consortium\/"},"modified":"2026-03-16T10:01:42","modified_gmt":"2026-03-16T09:01:42","slug":"le-consortium","status":"publish","type":"page","link":"https:\/\/consorziopietrapiasentina.it\/fr\/le-consortium\/","title":{"rendered":"Le Consortium"},"content":{"rendered":"<div class=\"wpb-content-wrapper\"><p>[vc_row content_placement=\u00a0\u00bbmiddle\u00a0\u00bb][vc_column icons_position=\u00a0\u00bbleft\u00a0\u00bb][vc_empty_space height=\u00a0\u00bb3rem\u00a0\u00bb alter_height=\u00a0\u00bbnone\u00a0\u00bb hide_on_desktop=\u00a0\u00bb\u00a0\u00bb hide_on_notebook=\u00a0\u00bb\u00a0\u00bb hide_on_tablet=\u00a0\u00bb\u00a0\u00bb hide_on_mobile=\u00a0\u00bb\u00a0\u00bb][vc_empty_space height=\u00a0\u00bb4.2rem\u00a0\u00bb alter_height=\u00a0\u00bbnone\u00a0\u00bb hide_on_desktop=\u00a0\u00bb\u00a0\u00bb hide_on_notebook=\u00a0\u00bb\u00a0\u00bb hide_on_tablet=\u00a0\u00bb\u00a0\u00bb hide_on_mobile=\u00a0\u00bb\u00a0\u00bb][\/vc_column][vc_column width=\u00a0\u00bb1\/2&Prime; icons_position=\u00a0\u00bbleft\u00a0\u00bb][vc_empty_space height=\u00a0\u00bb2rem\u00a0\u00bb alter_height=\u00a0\u00bbnone\u00a0\u00bb hide_on_desktop=\u00a0\u00bb\u00a0\u00bb hide_on_notebook=\u00a0\u00bb\u00a0\u00bb hide_on_tablet=\u00a0\u00bb\u00a0\u00bb hide_on_mobile=\u00a0\u00bb\u00a0\u00bb]<div\t\tclass=\"sc_title sc_title_2\"><span class=\"sc_item_subtitle sc_title_subtitle sc_align_left sc_item_subtitle_above sc_item_title_style_2\">Pietra Piasentina Torreano<\/span><h2 class=\"sc_item_title sc_title_title sc_align_left sc_item_title_style_2\"\n\t\t\t><span class=\"sc_item_title_text\">Le Consortium<\/span><\/h2><\/div>[vc_empty_space height=\u00a0\u00bb2rem\u00a0\u00bb alter_height=\u00a0\u00bbnone\u00a0\u00bb hide_on_desktop=\u00a0\u00bb\u00a0\u00bb hide_on_notebook=\u00a0\u00bb\u00a0\u00bb hide_on_tablet=\u00a0\u00bb\u00a0\u00bb hide_on_mobile=\u00a0\u00bb\u00a0\u00bb][vc_column_text]Constitu\u00e9 en <strong>1965<\/strong> par un groupe d&rsquo;artisans clairvoyants, le <strong>Consorzio Produttori Pietra Piasentina<\/strong> op\u00e8re dans la r\u00e9gion depuis <strong>plus de 55 ans<\/strong> dans le but de <strong>prot\u00e9ger les origines<\/strong>, <strong>de promouvoir l&rsquo;utilisation<\/strong> et <strong>le d\u00e9veloppement<\/strong> de ce mat\u00e9riau pr\u00e9cieux.<\/p>\n<p>Reconnu en <strong>2004<\/strong> par la r\u00e9gion <em>Frioul-V\u00e9n\u00e9tie Julienne<\/em> comme une <strong>Zone Artisanale<\/strong> de grande importance pour l&rsquo;\u00e9conomie locale, le consortium comprend aujourd&rsquo;hui 7 entreprises frioulanes hautement sp\u00e9cialis\u00e9es dans l&rsquo;extraction et la transformation de la <strong>Pietra Piasentina<\/strong><i><span class=\"Apple-converted-space\">.<\/span><\/i><\/p>\n<p>Gr\u00e2ce au potentiel de production exprim\u00e9 par ce mat\u00e9riau, les entreprises membres mettent leurs comp\u00e9tences et leur expertise \u00e0 la disposition des designers et des architectes en offrant un <strong>service complet<\/strong>, <strong>du d\u00e9veloppement \u00e0 la r\u00e9alisation du projet<\/strong>.[\/vc_column_text][vc_empty_space height=\u00a0\u00bb2rem\u00a0\u00bb alter_height=\u00a0\u00bbnone\u00a0\u00bb hide_on_desktop=\u00a0\u00bb\u00a0\u00bb hide_on_notebook=\u00a0\u00bb\u00a0\u00bb hide_on_tablet=\u00a0\u00bb\u00a0\u00bb hide_on_mobile=\u00a0\u00bb\u00a0\u00bb]<div\tclass=\"sc_item_button sc_button_wrap\"><a href=\"https:\/\/consorziopietrapiasentina.it\/wp-content\/uploads\/2026\/03\/CPP_catalogo-2025.pdf\" class=\"sc_button sc_button_default sc_button_size_large sc_button_icon_left\" target=\"_blank\"><span class=\"sc_button_text\"><span class=\"sc_button_title\">SCARICA DEPLIANT<\/span><\/span><\/a><\/div>[\/vc_column][vc_column width=\u00a0\u00bb1\/2&Prime; icons_position=\u00a0\u00bbleft\u00a0\u00bb][vc_empty_space height=\u00a0\u00bb2rem\u00a0\u00bb alter_height=\u00a0\u00bbnone\u00a0\u00bb hide_on_desktop=\u00a0\u00bb\u00a0\u00bb hide_on_notebook=\u00a0\u00bb\u00a0\u00bb hide_on_tablet=\u00a0\u00bb\u00a0\u00bb hide_on_mobile=\u00a0\u00bb\u00a0\u00bb][vc_single_image image=\u00a0\u00bb3453&Prime; img_size=\u00a0\u00bbfull\u00a0\u00bb][vc_empty_space height=\u00a0\u00bb1rem\u00a0\u00bb alter_height=\u00a0\u00bbnone\u00a0\u00bb hide_on_desktop=\u00a0\u00bb\u00a0\u00bb hide_on_notebook=\u00a0\u00bb\u00a0\u00bb hide_on_tablet=\u00a0\u00bb\u00a0\u00bb hide_on_mobile=\u00a0\u00bb\u00a0\u00bb][\/vc_column][vc_column icons_position=\u00a0\u00bbleft\u00a0\u00bb][vc_empty_space height=\u00a0\u00bb4rem\u00a0\u00bb alter_height=\u00a0\u00bbnone\u00a0\u00bb hide_on_desktop=\u00a0\u00bb\u00a0\u00bb hide_on_notebook=\u00a0\u00bb\u00a0\u00bb hide_on_tablet=\u00a0\u00bb\u00a0\u00bb hide_on_mobile=\u00a0\u00bb\u00a0\u00bb][vc_empty_space height=\u00a0\u00bb4.6rem\u00a0\u00bb alter_height=\u00a0\u00bbnone\u00a0\u00bb hide_on_desktop=\u00a0\u00bb\u00a0\u00bb hide_on_notebook=\u00a0\u00bb\u00a0\u00bb hide_on_tablet=\u00a0\u00bb\u00a0\u00bb hide_on_mobile=\u00a0\u00bb\u00a0\u00bb][\/vc_column][\/vc_row][vc_row full_width=\u00a0\u00bbstretch_row\u00a0\u00bb extra_bg_mask=\u00a0\u00bb4&Prime; hide_bg_image_on_tablet=\u00a0\u00bb\u00a0\u00bb hide_bg_image_on_mobile=\u00a0\u00bb\u00a0\u00bb css=\u00a0\u00bb.vc_custom_1641826969374{background: #000000 url(https:\/\/consorziopietrapiasentina.it\/wp-content\/uploads\/2022\/01\/bg1.jpg?id=1952) !important;background-position: center !important;background-repeat: no-repeat !important;background-size: cover !important;}\u00a0\u00bb][vc_column icons_position=\u00a0\u00bbleft\u00a0\u00bb offset=\u00a0\u00bbvc_col-md-offset-1 vc_col-md-10&Prime;][vc_empty_space height=\u00a0\u00bb3.15rem\u00a0\u00bb alter_height=\u00a0\u00bbnone\u00a0\u00bb hide_on_desktop=\u00a0\u00bb\u00a0\u00bb hide_on_notebook=\u00a0\u00bb\u00a0\u00bb hide_on_tablet=\u00a0\u00bb\u00a0\u00bb hide_on_mobile=\u00a0\u00bb\u00a0\u00bb][vc_empty_space height=\u00a0\u00bb4rem\u00a0\u00bb alter_height=\u00a0\u00bbnone\u00a0\u00bb hide_on_desktop=\u00a0\u00bb\u00a0\u00bb hide_on_notebook=\u00a0\u00bb\u00a0\u00bb hide_on_tablet=\u00a0\u00bb\u00a0\u00bb hide_on_mobile=\u00a0\u00bb\u00a0\u00bb][vc_empty_space height=\u00a0\u00bb4rem\u00a0\u00bb alter_height=\u00a0\u00bbnone\u00a0\u00bb hide_on_desktop=\u00a0\u00bb\u00a0\u00bb hide_on_notebook=\u00a0\u00bb\u00a0\u00bb hide_on_tablet=\u00a0\u00bb\u00a0\u00bb hide_on_mobile=\u00a0\u00bb\u00a0\u00bb]<div\tclass=\"sc_content sc_content_default sc_content_width_90p sc_float_center\"><div class=\"sc_content_container\"><div\t\tclass=\"sc_title color_style_link2 scheme_dark sc_title_3\"><h2 class=\"sc_item_title sc_title_title sc_align_center sc_item_title_style_3\"\n\t\t\t><span class=\"sc_item_title_text\">Pour information<\/span><\/h2><\/div>[vc_empty_space height=\u00a0\u00bb2.45rem\u00a0\u00bb alter_height=\u00a0\u00bbnone\u00a0\u00bb hide_on_desktop=\u00a0\u00bb\u00a0\u00bb hide_on_notebook=\u00a0\u00bb\u00a0\u00bb hide_on_tablet=\u00a0\u00bb\u00a0\u00bb hide_on_mobile=\u00a0\u00bb\u00a0\u00bb]<div\tclass=\"sc_item_button sc_button_wrap sc_align_center\"><a href=\"https:\/\/consorziopietrapiasentina.it\/fr\/contacts\/\" class=\"sc_button sc_button_default sc_button_size_normal sc_button_icon_left\"><span class=\"sc_button_text\"><span class=\"sc_button_title\">Aller aux contacts<\/span><\/span><\/a><\/div><\/div><\/div>[vc_empty_space height=\u00a0\u00bb2.9rem\u00a0\u00bb alter_height=\u00a0\u00bbnone\u00a0\u00bb hide_on_desktop=\u00a0\u00bb\u00a0\u00bb hide_on_notebook=\u00a0\u00bb\u00a0\u00bb hide_on_tablet=\u00a0\u00bb\u00a0\u00bb hide_on_mobile=\u00a0\u00bb\u00a0\u00bb][vc_empty_space height=\u00a0\u00bb4rem\u00a0\u00bb alter_height=\u00a0\u00bbnone\u00a0\u00bb hide_on_desktop=\u00a0\u00bb\u00a0\u00bb hide_on_notebook=\u00a0\u00bb\u00a0\u00bb hide_on_tablet=\u00a0\u00bb\u00a0\u00bb hide_on_mobile=\u00a0\u00bb\u00a0\u00bb][vc_empty_space height=\u00a0\u00bb4rem\u00a0\u00bb alter_height=\u00a0\u00bbnone\u00a0\u00bb hide_on_desktop=\u00a0\u00bb\u00a0\u00bb hide_on_notebook=\u00a0\u00bb\u00a0\u00bb hide_on_tablet=\u00a0\u00bb\u00a0\u00bb hide_on_mobile=\u00a0\u00bb\u00a0\u00bb][\/vc_column][\/vc_row]<\/p>\n<\/div>","protected":false},"excerpt":{"rendered":"<p>[vc_row content_placement=\u00a0\u00bbmiddle\u00a0\u00bb][vc_column icons_position=\u00a0\u00bbleft\u00a0\u00bb][vc_empty_space height=\u00a0\u00bb3rem\u00a0\u00bb alter_height=\u00a0\u00bbnone\u00a0\u00bb hide_on_desktop=\u00a0\u00bb\u00a0\u00bb hide_on_notebook=\u00a0\u00bb\u00a0\u00bb hide_on_tablet=\u00a0\u00bb\u00a0\u00bb hide_on_mobile=\u00a0\u00bb\u00a0\u00bb][vc_empty_space height=\u00a0\u00bb4.2rem\u00a0\u00bb alter_height=\u00a0\u00bbnone\u00a0\u00bb hide_on_desktop=\u00a0\u00bb\u00a0\u00bb hide_on_notebook=\u00a0\u00bb\u00a0\u00bb hide_on_tablet=\u00a0\u00bb\u00a0\u00bb hide_on_mobile=\u00a0\u00bb\u00a0\u00bb][\/vc_column][vc_column width=\u00a0\u00bb1\/2&Prime; icons_position=\u00a0\u00bbleft\u00a0\u00bb][vc_empty_space height=\u00a0\u00bb2rem\u00a0\u00bb alter_height=\u00a0\u00bbnone\u00a0\u00bb hide_on_desktop=\u00a0\u00bb\u00a0\u00bb hide_on_notebook=\u00a0\u00bb\u00a0\u00bb hide_on_tablet=\u00a0\u00bb\u00a0\u00bb hide_on_mobile=\u00a0\u00bb\u00a0\u00bb][vc_empty_space height=\u00a0\u00bb2rem\u00a0\u00bb alter_height=\u00a0\u00bbnone\u00a0\u00bb hide_on_desktop=\u00a0\u00bb\u00a0\u00bb hide_on_notebook=\u00a0\u00bb\u00a0\u00bb hide_on_tablet=\u00a0\u00bb\u00a0\u00bb hide_on_mobile=\u00a0\u00bb\u00a0\u00bb][vc_column_text]Constitu\u00e9 en&hellip;<\/p>\n","protected":false},"author":1,"featured_media":0,"parent":0,"menu_order":0,"comment_status":"closed","ping_status":"closed","template":"","meta":{"inline_featured_image":false,"_vp_format_video_url":"","_vp_image_focal_point":[],"footnotes":""},"class_list":["post-3619","page","type-page","status-publish","hentry"],"yoast_head":"<!-- This site is optimized with the Yoast SEO plugin v27.3 - https:\/\/yoast.com\/product\/yoast-seo-wordpress\/ -->\n<title>Le Consortium - Consorzio Produttori Pietra Piasentina srl<\/title>\n<meta name=\"robots\" content=\"index, follow, max-snippet:-1, max-image-preview:large, max-video-preview:-1\" \/>\n<link rel=\"canonical\" href=\"https:\/\/consorziopietrapiasentina.it\/fr\/le-consortium\/\" \/>\n<meta property=\"og:locale\" content=\"fr_FR\" \/>\n<meta property=\"og:type\" content=\"article\" \/>\n<meta property=\"og:title\" content=\"Le Consortium - Consorzio Produttori Pietra Piasentina srl\" \/>\n<meta property=\"og:description\" content=\"[vc_row content_placement=\u00a0\u00bbmiddle\u00a0\u00bb][vc_column icons_position=\u00a0\u00bbleft\u00a0\u00bb][vc_empty_space height=\u00a0\u00bb3rem\u00a0\u00bb alter_height=\u00a0\u00bbnone\u00a0\u00bb hide_on_desktop=\u00a0\u00bb\u00a0\u00bb hide_on_notebook=\u00a0\u00bb\u00a0\u00bb hide_on_tablet=\u00a0\u00bb\u00a0\u00bb hide_on_mobile=\u00a0\u00bb\u00a0\u00bb][vc_empty_space height=\u00a0\u00bb4.2rem\u00a0\u00bb alter_height=\u00a0\u00bbnone\u00a0\u00bb hide_on_desktop=\u00a0\u00bb\u00a0\u00bb hide_on_notebook=\u00a0\u00bb\u00a0\u00bb hide_on_tablet=\u00a0\u00bb\u00a0\u00bb hide_on_mobile=\u00a0\u00bb\u00a0\u00bb][\/vc_column][vc_column width=\u00a0\u00bb1\/2&Prime; icons_position=\u00a0\u00bbleft\u00a0\u00bb][vc_empty_space height=\u00a0\u00bb2rem\u00a0\u00bb alter_height=\u00a0\u00bbnone\u00a0\u00bb hide_on_desktop=\u00a0\u00bb\u00a0\u00bb hide_on_notebook=\u00a0\u00bb\u00a0\u00bb hide_on_tablet=\u00a0\u00bb\u00a0\u00bb hide_on_mobile=\u00a0\u00bb\u00a0\u00bb][vc_empty_space height=\u00a0\u00bb2rem\u00a0\u00bb alter_height=\u00a0\u00bbnone\u00a0\u00bb hide_on_desktop=\u00a0\u00bb\u00a0\u00bb hide_on_notebook=\u00a0\u00bb\u00a0\u00bb hide_on_tablet=\u00a0\u00bb\u00a0\u00bb hide_on_mobile=\u00a0\u00bb\u00a0\u00bb][vc_column_text]Constitu\u00e9 en&hellip;\" \/>\n<meta property=\"og:url\" content=\"https:\/\/consorziopietrapiasentina.it\/fr\/le-consortium\/\" \/>\n<meta property=\"og:site_name\" content=\"Consorzio Produttori Pietra Piasentina srl\" \/>\n<meta property=\"article:modified_time\" content=\"2026-03-16T09:01:42+00:00\" \/>\n<meta name=\"twitter:card\" content=\"summary_large_image\" \/>\n<meta name=\"twitter:label1\" content=\"Dur\u00e9e de lecture estim\u00e9e\" \/>\n\t<meta name=\"twitter:data1\" content=\"2 minutes\" \/>\n<script type=\"application\/ld+json\" class=\"yoast-schema-graph\">{\"@context\":\"https:\\\/\\\/schema.org\",\"@graph\":[{\"@type\":\"WebPage\",\"@id\":\"https:\\\/\\\/consorziopietrapiasentina.it\\\/fr\\\/le-consortium\\\/\",\"url\":\"https:\\\/\\\/consorziopietrapiasentina.it\\\/fr\\\/le-consortium\\\/\",\"name\":\"Le Consortium - Consorzio Produttori Pietra Piasentina srl\",\"isPartOf\":{\"@id\":\"https:\\\/\\\/consorziopietrapiasentina.it\\\/#website\"},\"datePublished\":\"2017-08-21T09:00:02+00:00\",\"dateModified\":\"2026-03-16T09:01:42+00:00\",\"breadcrumb\":{\"@id\":\"https:\\\/\\\/consorziopietrapiasentina.it\\\/fr\\\/le-consortium\\\/#breadcrumb\"},\"inLanguage\":\"fr-FR\",\"potentialAction\":[{\"@type\":\"ReadAction\",\"target\":[\"https:\\\/\\\/consorziopietrapiasentina.it\\\/fr\\\/le-consortium\\\/\"]}]},{\"@type\":\"BreadcrumbList\",\"@id\":\"https:\\\/\\\/consorziopietrapiasentina.it\\\/fr\\\/le-consortium\\\/#breadcrumb\",\"itemListElement\":[{\"@type\":\"ListItem\",\"position\":1,\"name\":\"Home\",\"item\":\"https:\\\/\\\/consorziopietrapiasentina.it\\\/fr\\\/\"},{\"@type\":\"ListItem\",\"position\":2,\"name\":\"Le Consortium\"}]},{\"@type\":\"WebSite\",\"@id\":\"https:\\\/\\\/consorziopietrapiasentina.it\\\/#website\",\"url\":\"https:\\\/\\\/consorziopietrapiasentina.it\\\/\",\"name\":\"Consorzio Produttori Pietra Piasentina srl\",\"description\":\"Pietra Piasentina Torreano\",\"publisher\":{\"@id\":\"https:\\\/\\\/consorziopietrapiasentina.it\\\/#organization\"},\"potentialAction\":[{\"@type\":\"SearchAction\",\"target\":{\"@type\":\"EntryPoint\",\"urlTemplate\":\"https:\\\/\\\/consorziopietrapiasentina.it\\\/?s={search_term_string}\"},\"query-input\":{\"@type\":\"PropertyValueSpecification\",\"valueRequired\":true,\"valueName\":\"search_term_string\"}}],\"inLanguage\":\"fr-FR\"},{\"@type\":\"Organization\",\"@id\":\"https:\\\/\\\/consorziopietrapiasentina.it\\\/#organization\",\"name\":\"Consorzio Produttori Pietra Piasentina S.r.l.\",\"url\":\"https:\\\/\\\/consorziopietrapiasentina.it\\\/\",\"logo\":{\"@type\":\"ImageObject\",\"inLanguage\":\"fr-FR\",\"@id\":\"https:\\\/\\\/consorziopietrapiasentina.it\\\/#\\\/schema\\\/logo\\\/image\\\/\",\"url\":\"https:\\\/\\\/consorziopietrapiasentina.it\\\/wp-content\\\/uploads\\\/2022\\\/02\\\/logo1.svg\",\"contentUrl\":\"https:\\\/\\\/consorziopietrapiasentina.it\\\/wp-content\\\/uploads\\\/2022\\\/02\\\/logo1.svg\",\"width\":\"1024\",\"height\":\"1024\",\"caption\":\"Consorzio Produttori Pietra Piasentina S.r.l.\"},\"image\":{\"@id\":\"https:\\\/\\\/consorziopietrapiasentina.it\\\/#\\\/schema\\\/logo\\\/image\\\/\"},\"sameAs\":[\"https:\\\/\\\/www.linkedin.com\\\/in\\\/consorzio-pietra-piasentina-torreano-2994671b1\\\/?original_referer=httpsconsorziopietrapiasentina.it\",\"https:\\\/\\\/www.instagram.com\\\/consorzio_pietra.piasentina\\\/\"]}]}<\/script>\n<!-- \/ Yoast SEO plugin. -->","yoast_head_json":{"title":"Le Consortium - Consorzio Produttori Pietra Piasentina srl","robots":{"index":"index","follow":"follow","max-snippet":"max-snippet:-1","max-image-preview":"max-image-preview:large","max-video-preview":"max-video-preview:-1"},"canonical":"https:\/\/consorziopietrapiasentina.it\/fr\/le-consortium\/","og_locale":"fr_FR","og_type":"article","og_title":"Le Consortium - Consorzio Produttori Pietra Piasentina srl","og_description":"[vc_row content_placement=\u00a0\u00bbmiddle\u00a0\u00bb][vc_column icons_position=\u00a0\u00bbleft\u00a0\u00bb][vc_empty_space height=\u00a0\u00bb3rem\u00a0\u00bb alter_height=\u00a0\u00bbnone\u00a0\u00bb hide_on_desktop=\u00a0\u00bb\u00a0\u00bb hide_on_notebook=\u00a0\u00bb\u00a0\u00bb hide_on_tablet=\u00a0\u00bb\u00a0\u00bb hide_on_mobile=\u00a0\u00bb\u00a0\u00bb][vc_empty_space height=\u00a0\u00bb4.2rem\u00a0\u00bb alter_height=\u00a0\u00bbnone\u00a0\u00bb hide_on_desktop=\u00a0\u00bb\u00a0\u00bb hide_on_notebook=\u00a0\u00bb\u00a0\u00bb hide_on_tablet=\u00a0\u00bb\u00a0\u00bb hide_on_mobile=\u00a0\u00bb\u00a0\u00bb][\/vc_column][vc_column width=\u00a0\u00bb1\/2&Prime; icons_position=\u00a0\u00bbleft\u00a0\u00bb][vc_empty_space height=\u00a0\u00bb2rem\u00a0\u00bb alter_height=\u00a0\u00bbnone\u00a0\u00bb hide_on_desktop=\u00a0\u00bb\u00a0\u00bb hide_on_notebook=\u00a0\u00bb\u00a0\u00bb hide_on_tablet=\u00a0\u00bb\u00a0\u00bb hide_on_mobile=\u00a0\u00bb\u00a0\u00bb][vc_empty_space height=\u00a0\u00bb2rem\u00a0\u00bb alter_height=\u00a0\u00bbnone\u00a0\u00bb hide_on_desktop=\u00a0\u00bb\u00a0\u00bb hide_on_notebook=\u00a0\u00bb\u00a0\u00bb hide_on_tablet=\u00a0\u00bb\u00a0\u00bb hide_on_mobile=\u00a0\u00bb\u00a0\u00bb][vc_column_text]Constitu\u00e9 en&hellip;","og_url":"https:\/\/consorziopietrapiasentina.it\/fr\/le-consortium\/","og_site_name":"Consorzio Produttori Pietra Piasentina srl","article_modified_time":"2026-03-16T09:01:42+00:00","twitter_card":"summary_large_image","twitter_misc":{"Dur\u00e9e de lecture estim\u00e9e":"2 minutes"},"schema":{"@context":"https:\/\/schema.org","@graph":[{"@type":"WebPage","@id":"https:\/\/consorziopietrapiasentina.it\/fr\/le-consortium\/","url":"https:\/\/consorziopietrapiasentina.it\/fr\/le-consortium\/","name":"Le Consortium - Consorzio Produttori Pietra Piasentina srl","isPartOf":{"@id":"https:\/\/consorziopietrapiasentina.it\/#website"},"datePublished":"2017-08-21T09:00:02+00:00","dateModified":"2026-03-16T09:01:42+00:00","breadcrumb":{"@id":"https:\/\/consorziopietrapiasentina.it\/fr\/le-consortium\/#breadcrumb"},"inLanguage":"fr-FR","potentialAction":[{"@type":"ReadAction","target":["https:\/\/consorziopietrapiasentina.it\/fr\/le-consortium\/"]}]},{"@type":"BreadcrumbList","@id":"https:\/\/consorziopietrapiasentina.it\/fr\/le-consortium\/#breadcrumb","itemListElement":[{"@type":"ListItem","position":1,"name":"Home","item":"https:\/\/consorziopietrapiasentina.it\/fr\/"},{"@type":"ListItem","position":2,"name":"Le Consortium"}]},{"@type":"WebSite","@id":"https:\/\/consorziopietrapiasentina.it\/#website","url":"https:\/\/consorziopietrapiasentina.it\/","name":"Consorzio Produttori Pietra Piasentina srl","description":"Pietra Piasentina Torreano","publisher":{"@id":"https:\/\/consorziopietrapiasentina.it\/#organization"},"potentialAction":[{"@type":"SearchAction","target":{"@type":"EntryPoint","urlTemplate":"https:\/\/consorziopietrapiasentina.it\/?s={search_term_string}"},"query-input":{"@type":"PropertyValueSpecification","valueRequired":true,"valueName":"search_term_string"}}],"inLanguage":"fr-FR"},{"@type":"Organization","@id":"https:\/\/consorziopietrapiasentina.it\/#organization","name":"Consorzio Produttori Pietra Piasentina S.r.l.","url":"https:\/\/consorziopietrapiasentina.it\/","logo":{"@type":"ImageObject","inLanguage":"fr-FR","@id":"https:\/\/consorziopietrapiasentina.it\/#\/schema\/logo\/image\/","url":"https:\/\/consorziopietrapiasentina.it\/wp-content\/uploads\/2022\/02\/logo1.svg","contentUrl":"https:\/\/consorziopietrapiasentina.it\/wp-content\/uploads\/2022\/02\/logo1.svg","width":"1024","height":"1024","caption":"Consorzio Produttori Pietra Piasentina S.r.l."},"image":{"@id":"https:\/\/consorziopietrapiasentina.it\/#\/schema\/logo\/image\/"},"sameAs":["https:\/\/www.linkedin.com\/in\/consorzio-pietra-piasentina-torreano-2994671b1\/?original_referer=httpsconsorziopietrapiasentina.it","https:\/\/www.instagram.com\/consorzio_pietra.piasentina\/"]}]}},"_links":{"self":[{"href":"https:\/\/consorziopietrapiasentina.it\/fr\/wp-json\/wp\/v2\/pages\/3619","targetHints":{"allow":["GET"]}}],"collection":[{"href":"https:\/\/consorziopietrapiasentina.it\/fr\/wp-json\/wp\/v2\/pages"}],"about":[{"href":"https:\/\/consorziopietrapiasentina.it\/fr\/wp-json\/wp\/v2\/types\/page"}],"author":[{"embeddable":true,"href":"https:\/\/consorziopietrapiasentina.it\/fr\/wp-json\/wp\/v2\/users\/1"}],"replies":[{"embeddable":true,"href":"https:\/\/consorziopietrapiasentina.it\/fr\/wp-json\/wp\/v2\/comments?post=3619"}],"version-history":[{"count":6,"href":"https:\/\/consorziopietrapiasentina.it\/fr\/wp-json\/wp\/v2\/pages\/3619\/revisions"}],"predecessor-version":[{"id":8908,"href":"https:\/\/consorziopietrapiasentina.it\/fr\/wp-json\/wp\/v2\/pages\/3619\/revisions\/8908"}],"wp:attachment":[{"href":"https:\/\/consorziopietrapiasentina.it\/fr\/wp-json\/wp\/v2\/media?parent=3619"}],"curies":[{"name":"wp","href":"https:\/\/api.w.org\/{rel}","templated":true}]}}